{"id":90,"date":"2017-06-08T13:07:49","date_gmt":"2017-06-08T13:07:49","guid":{"rendered":"http:\/\/power.2xm-media.de\/?page_id=90"},"modified":"2025-01-15T14:08:40","modified_gmt":"2025-01-15T14:08:40","slug":"power-jobs","status":"publish","type":"page","link":"https:\/\/www.medizinpluspflege.de\/?page_id=90","title":{"rendered":"Was ist 1:1 Intensivpflege"},"content":{"rendered":"<p>[vc_row][vc_column][vc_column_text]Intensivpflege ist ein spezialisierter Bereich der medizinischen Pflege, der sich auf die Betreuung und Behandlung von Patientinnen und Patienten konzentriert, die aufgrund schwerer Erkrankungen, Verletzungen oder Operationen eine intensivmedizinische Versorgung ben\u00f6tigen. Ziel der Intensivpflege ist es, die Vitalfunktionen der Patientinnen und Patienten zu \u00fcberwachen und zu stabilisieren sowie eine rasche Genesung zu f\u00f6rdern oder die Lebensqualit\u00e4t zu sichern, insbesondere wenn der Patient in einem lebensbedrohlichen Zustand ist.<\/p>\n<p>Typische Merkmale der Intensivpflege sind:<\/p>\n<ol>\n<li><strong>\u00dcberwachung der Vitalfunktionen:<\/strong> H\u00e4ufige \u00dcberpr\u00fcfung und \u00dcberwachung von wichtigen K\u00f6rperfunktionen wie Atmung, Kreislauf, Herzfrequenz, Blutdruck und Sauerstoffs\u00e4ttigung.<\/li>\n<li><strong>Medikamentengabe und Therapien:<\/strong> Regelm\u00e4\u00dfige Verabreichung von Medikamenten, darunter Schmerzmittel, Beruhigungsmittel oder spezifische Medikamente zur Unterst\u00fctzung der Organe und Funktionen.<\/li>\n<li><strong>Beatmung:<\/strong> Bei schwerer Atemnot oder Atemversagen wird der Patient h\u00e4ufig maschinell beatmet.<\/li>\n<li><strong>Technische Ausstattung:<\/strong> Intensive Nutzung von medizinischen Ger\u00e4ten wie Monitoren, Beatmungsger\u00e4ten, Infusionspumpen und Dialyseger\u00e4ten.<\/li>\n<li><strong>Pflegerische Unterst\u00fctzung:<\/strong> Neben der medizinischen Versorgung ist auch eine umfassende pflegerische Betreuung notwendig, die sich um die Hygiene, Ern\u00e4hrung, Mobilisation und das allgemeine Wohlbefinden k\u00fcmmert.<\/li>\n<\/ol>\n<p>Die Intensivpflege wird in spezialisierten Intensivstationen von Krankenh\u00e4usern oder in speziellen Pflegeeinrichtungen angeboten. Sie ist besonders bei Patientinnen und Patienten erforderlich, die aufgrund ihrer schweren Erkrankung oder Verletzung eine engmaschige Betreuung und kontinuierliche medizinische Interventionen ben\u00f6tigen.[\/vc_column_text][\/vc_column][\/vc_row][vc_row][vc_column][vc_single_image image=&#8220;2288&#8243;][\/vc_column][\/vc_row][vc_row][vc_column][vc_single_image image=&#8220;2297&#8243; img_size=&#8220;200&#215;200&#8243;][\/vc_column][\/vc_row]<\/p>\n","protected":false},"excerpt":{"rendered":"<p>[vc_row][vc_column][vc_column_text]Intensivpflege ist ein spezialisierter Bereich der medizinischen Pflege, der sich auf die Betreuung und Behandlung von Patientinnen und Patienten konzentriert, die aufgrund schwerer Erkrankungen, Verletzungen oder Operationen eine intensivmedizinische Versorgung ben\u00f6tigen. Ziel der Intensivpflege ist es, die Vitalfunktionen der Patientinnen und Patienten zu \u00fcberwachen und zu stabilisieren sowie eine rasche [&hellip;]<\/p>\n","protected":false},"author":1,"featured_media":0,"parent":0,"menu_order":0,"comment_status":"closed","ping_status":"closed","template":"","meta":{"footnotes":""},"class_list":["post-90","page","type-page","status-publish","hentry"],"_links":{"self":[{"href":"https:\/\/www.medizinpluspflege.de\/index.php?rest_route=\/wp\/v2\/pages\/90","targetHints":{"allow":["GET"]}}],"collection":[{"href":"https:\/\/www.medizinpluspflege.de\/index.php?rest_route=\/wp\/v2\/pages"}],"about":[{"href":"https:\/\/www.medizinpluspflege.de\/index.php?rest_route=\/wp\/v2\/types\/page"}],"author":[{"embeddable":true,"href":"https:\/\/www.medizinpluspflege.de\/index.php?rest_route=\/wp\/v2\/users\/1"}],"replies":[{"embeddable":true,"href":"https:\/\/www.medizinpluspflege.de\/index.php?rest_route=%2Fwp%2Fv2%2Fcomments&post=90"}],"version-history":[{"count":23,"href":"https:\/\/www.medizinpluspflege.de\/index.php?rest_route=\/wp\/v2\/pages\/90\/revisions"}],"predecessor-version":[{"id":2310,"href":"https:\/\/www.medizinpluspflege.de\/index.php?rest_route=\/wp\/v2\/pages\/90\/revisions\/2310"}],"wp:attachment":[{"href":"https:\/\/www.medizinpluspflege.de\/index.php?rest_route=%2Fwp%2Fv2%2Fmedia&parent=90"}],"curies":[{"name":"wp","href":"https:\/\/api.w.org\/{rel}","templated":true}]}}