{"id":533,"date":"2017-05-24T07:14:49","date_gmt":"2017-05-24T07:14:49","guid":{"rendered":"http:\/\/power.2xm-media.de\/?page_id=6"},"modified":"2025-10-28T14:09:15","modified_gmt":"2025-10-28T14:09:15","slug":"home","status":"publish","type":"page","link":"https:\/\/www.medizinpluspflege.de\/","title":{"rendered":"Home"},"content":{"rendered":"<p>[vc_row][vc_column][vc_single_image image=&#8220;2037&#8243; img_size=&#8220;large&#8220; alignment=&#8220;center&#8220; css_animation=&#8220;zoomInDown&#8220;][\/vc_column][\/vc_row][vc_row][vc_column][vc_column_text]<\/p>\n<h4><strong>ist Ihr Intensivpflegedienst in Laatzen \/ Hannover und Umgebung bis 60 Km Entfernung<br \/>\n<\/strong><\/h4>\n<p>Wir haben es uns zur Aufgabe gemacht, mit Menschlichkeit und Professionalit\u00e4t pflegebed\u00fcrftige Personen in ihrer eigenen H\u00e4uslichkeit zu versorgen.<\/p>\n<p>Unser gut geschultes Personal pflegt Sie nach Ihren W\u00fcnschen und Bed\u00fcrfnissen.<br \/>\nIhre Anliegen sind uns wichtig und wir beantworten gerne Ihre Fragen zur intensivpflege, vermitteln Ihnen weitere Dienste und besprechen mit Ihnen, welche M\u00f6glichkeiten der Versorgung Ihnen offenstehen.<br \/>\nKontaktieren Sie uns gerne pers\u00f6nlich, telefonisch, per E-Mail oder einfach \u00fcber das <a href=\"https:\/\/www.medizinpluspflege.de\/?page_id=469\">Kontaktformular<\/a> auf dieser Seite.[\/vc_column_text][vc_separator color=&#8220;black&#8220; style=&#8220;double&#8220; css_animation=&#8220;fadeIn&#8220;][\/vc_column][\/vc_row][vc_row][vc_column width=&#8220;1\/2&#8243;][vc_empty_space][vc_column_text css_animation=&#8220;bounceInLeft&#8220;]<\/p>\n<h4 style=\"text-align: center;\"><strong>LEISTUNG<\/strong><\/h4>\n<p>[\/vc_column_text][vc_hoverbox image=&#8220;1855&#8243; primary_title=&#8220;&#8220; hover_title=&#8220;Leistungen&#8220; hover_background_color=&#8220;blue&#8220; hover_btn_title=&#8220;Weiter lesen..&#8220; hover_btn_color=&#8220;white&#8220; css_animation=&#8220;bounceIn&#8220; hover_add_button=&#8220;true&#8220; hover_btn_link=&#8220;url:https%3A%2F%2Fwww.medizinpluspflege.de%2F%3Fpage_id%3D416|title:Leistungen||&#8220;]<span style=\"color: #ffffff;\">Als ambulanter Pflegedienst erbringt die <strong>Medizin + Pflege<\/strong> GmbH s\u00e4mtliche Leistungen der Krankenversicherung, die von Ihrem Arzt verordnet werden.<\/span>[\/vc_hoverbox][vc_empty_space][vc_column_text css_animation=&#8220;bounceInLeft&#8220;]<\/p>\n<h4 style=\"text-align: center;\"><strong>JOB&#8217;S BEI UNS<\/strong><\/h4>\n<p>[\/vc_column_text][vc_hoverbox image=&#8220;1858&#8243; primary_title=&#8220;&#8220; hover_title=&#8220;Karriere bei uns&#8220; hover_btn_title=&#8220;Weiterlesen&#8220; css_animation=&#8220;bounceIn&#8220; hover_add_button=&#8220;true&#8220; hover_btn_link=&#8220;url:https%3A%2F%2Fwww.medizinpluspflege.de%2F%3Fpage_id%3D1793|title:Kontakt||&#8220;]<\/p>\n<div class=\"vc_row wpb_row vc_row-fluid\">\n<div class=\"wpb_column vc_column_container vc_col-sm-12\">\n<div class=\"vc_column-inner\">\n<div class=\"wpb_wrapper\">\n<div class=\"wpb_text_column wpb_content_element \">\n<div class=\"wpb_wrapper\">\n<p><span style=\"color: #000000;\">Als junges und wachsendes Unternehmen sind wir stets<\/span><br \/>\n<span style=\"color: #000000;\">auf der Suche nach engagierten neuen Mitarbeitern<\/span><\/p>\n<\/div>\n<\/div>\n<\/div>\n<\/div>\n<\/div>\n<\/div>\n<p>[\/vc_hoverbox][\/vc_column][vc_column width=&#8220;1\/2&#8243;][vc_empty_space][vc_column_text css_animation=&#8220;bounceInRight&#8220;]<\/p>\n<h4 style=\"text-align: center;\"><strong>WIR SIND F\u00dcR SIE DA<\/strong><\/h4>\n<p>[\/vc_column_text][vc_hoverbox image=&#8220;1714&#8243; primary_title=&#8220;&#8220; hover_title=&#8220;Wir sind f\u00fcr sie da&#8220; hover_btn_title=&#8220;Weiter lesen&#8230;&#8220; css_animation=&#8220;bounceIn&#8220; hover_add_button=&#8220;true&#8220; hover_btn_link=&#8220;url:https%3A%2F%2Fwww.medizinpluspflege.de%2F%3Fpage_id%3D496|title:Wir%20sind%20f%C3%BCr%20Sie%20da||&#8220;]Hier finden Sie Informationen \u00fcber das Team der <strong><span>Medizin + Pflege<\/span><\/strong> GmbH und Ihren Ansprechpartnern f\u00fcr die verschiedenen Anliegen.<strong><br \/>\n<\/strong><\/p>\n<p>[\/vc_hoverbox][vc_empty_space][vc_column_text css_animation=&#8220;bounceInRight&#8220;]<\/p>\n<h4 style=\"text-align: center;\"><strong>ALLGEMEINES<\/strong><\/h4>\n<p>[\/vc_column_text][vc_hoverbox image=&#8220;1854&#8243; primary_title=&#8220;&#8220; primary_align=&#8220;justify&#8220; hover_title=&#8220;Allgemeines&#8220; hover_background_color=&#8220;blue&#8220; el_width=&#8220;80&#8243; hover_btn_title=&#8220;Weiter lesen&#8220; css_animation=&#8220;bounceIn&#8220; hover_add_button=&#8220;true&#8220; hover_btn_link=&#8220;url:https%3A%2F%2Fwww.medizinpluspflege.de%2F%3Fpage_id%3D22|title:Allgemeines||&#8220;]<span style=\"color: #ffffff;\">Hier finden Sie unsere Kooperationspartner sowie unser Download-Angebot.<\/span><\/p>\n<p>[\/vc_hoverbox][\/vc_column][\/vc_row][vc_row][vc_column][vc_empty_space height=&#8220;64px&#8220;][\/vc_column][\/vc_row][vc_row][vc_column width=&#8220;1\/2&#8243;][vc_single_image image=&#8220;2325&#8243; alignment=&#8220;center&#8220; onclick=&#8220;custom_link&#8220; img_link_target=&#8220;_blank&#8220; css_animation=&#8220;bounceIn&#8220; link=&#8220;https:\/\/www.instagram.com\/medizinpluspflege\/&#8220;][\/vc_column][vc_column width=&#8220;1\/2&#8243;][vc_single_image image=&#8220;2331&#8243; alignment=&#8220;center&#8220; onclick=&#8220;custom_link&#8220; img_link_target=&#8220;_blank&#8220; css_animation=&#8220;bounceIn&#8220; link=&#8220;https:\/\/www.facebook.com\/medizinpluspflege&#8220;][\/vc_column][\/vc_row]<\/p>\n","protected":false},"excerpt":{"rendered":"<p>[vc_row][vc_column][vc_single_image image=&#8220;2037&#8243; img_size=&#8220;large&#8220; alignment=&#8220;center&#8220; css_animation=&#8220;zoomInDown&#8220;][\/vc_column][\/vc_row][vc_row][vc_column][vc_column_text] ist Ihr Intensivpflegedienst in Laatzen \/ Hannover und Umgebung bis 60 Km Entfernung Wir haben es uns zur Aufgabe gemacht, mit Menschlichkeit und Professionalit\u00e4t pflegebed\u00fcrftige Personen in ihrer eigenen H\u00e4uslichkeit zu versorgen. Unser gut geschultes Personal pflegt Sie nach Ihren W\u00fcnschen und Bed\u00fcrfnissen. Ihre Anliegen [&hellip;]<\/p>\n","protected":false},"author":1,"featured_media":0,"parent":0,"menu_order":0,"comment_status":"closed","ping_status":"closed","template":"","meta":{"footnotes":""},"class_list":["post-533","page","type-page","status-publish","hentry"],"_links":{"self":[{"href":"https:\/\/www.medizinpluspflege.de\/index.php?rest_route=\/wp\/v2\/pages\/533","targetHints":{"allow":["GET"]}}],"collection":[{"href":"https:\/\/www.medizinpluspflege.de\/index.php?rest_route=\/wp\/v2\/pages"}],"about":[{"href":"https:\/\/www.medizinpluspflege.de\/index.php?rest_route=\/wp\/v2\/types\/page"}],"author":[{"embeddable":true,"href":"https:\/\/www.medizinpluspflege.de\/index.php?rest_route=\/wp\/v2\/users\/1"}],"replies":[{"embeddable":true,"href":"https:\/\/www.medizinpluspflege.de\/index.php?rest_route=%2Fwp%2Fv2%2Fcomments&post=533"}],"version-history":[{"count":110,"href":"https:\/\/www.medizinpluspflege.de\/index.php?rest_route=\/wp\/v2\/pages\/533\/revisions"}],"predecessor-version":[{"id":2336,"href":"https:\/\/www.medizinpluspflege.de\/index.php?rest_route=\/wp\/v2\/pages\/533\/revisions\/2336"}],"wp:attachment":[{"href":"https:\/\/www.medizinpluspflege.de\/index.php?rest_route=%2Fwp%2Fv2%2Fmedia&parent=533"}],"curies":[{"name":"wp","href":"https:\/\/api.w.org\/{rel}","templated":true}]}}