{"id":416,"date":"2017-07-27T13:28:21","date_gmt":"2017-07-27T13:28:21","guid":{"rendered":"http:\/\/power.2xm-media.de\/?page_id=416"},"modified":"2025-01-15T14:29:14","modified_gmt":"2025-01-15T14:29:14","slug":"bewerber","status":"publish","type":"page","link":"https:\/\/www.medizinpluspflege.de\/?page_id=416","title":{"rendered":"Leistungen der 1:1 Intensivpflege"},"content":{"rendered":"<p>[vc_row][vc_column][vc_column_text]<\/p>\n<ul>\n<li><strong>Medizinische Beratung:<\/strong> \u00dcberwachung von Vitalfunktionen ( Herzfrequenz, Blutdruck, Atmung), Medikamentengabe, Wundversorgung, Atemunterst\u00fctzung (z.B. Beatmung, Saustofftherapie).<\/li>\n<li><strong>Pflege und Unterst\u00fctzung:<\/strong> Unterst\u00fctzung bei der K\u00f6rperhygiene, Mobilisation, Ern\u00e4hrung, Inkontinenzversorgung.<\/li>\n<li><strong>Individuelle Betreuung:<\/strong> Anpassung der Pflege an die spezifischen Bed\u00fcrfnisse des Patienten, um Lebensqualit\u00e4t und Wohlbefinden zu f\u00f6rdern.<\/li>\n<li><strong>Notfallmanagement:<\/strong> Schnelle Reaktion auf gesundheitliche Ver\u00e4nderungen oder akute Krisensituationen.<\/li>\n<\/ul>\n<p>[\/vc_column_text][\/vc_column][\/vc_row][vc_row][vc_column width=&#8220;1\/3&#8243;][vc_btn title=&#8220;\u00dcberblick&#8220; color=&#8220;primary&#8220; align=&#8220;center&#8220; css_animation=&#8220;bounceIn&#8220; button_block=&#8220;true&#8220; link=&#8220;url:https%3A%2F%2Fwww.medizinpluspflege.de%2F%3Fpage_id%3D90|title:%C3%9Cberblick||&#8220;][vc_btn title=&#8220;Zus\u00e4tzliche Leistung&#8220; color=&#8220;primary&#8220; align=&#8220;center&#8220; css_animation=&#8220;bounceIn&#8220; button_block=&#8220;true&#8220; link=&#8220;url:https%3A%2F%2Fwww.medizinpluspflege.de%2F%3Fpage_id%3D1449|title:Zus%C3%A4tzliche%20Leistungen||&#8220;][\/vc_column][vc_column width=&#8220;1\/3&#8243;][vc_btn title=&#8220;Pflegeversicherung&#8220; color=&#8220;primary&#8220; align=&#8220;center&#8220; css_animation=&#8220;bounceIn&#8220; button_block=&#8220;true&#8220; link=&#8220;url:https%3A%2F%2Fwww.medizinpluspflege.de%2F%3Fpage_id%3D1431|title:Pflegeversicherung||&#8220;][vc_btn title=&#8220;Stichwortverzeichnis&#8220; color=&#8220;primary&#8220; align=&#8220;center&#8220; css_animation=&#8220;bounceIn&#8220; button_block=&#8220;true&#8220; link=&#8220;url:https%3A%2F%2Fwww.medizinpluspflege.de%2F%3Fpage_id%3D1830|title:Stichwortverzeichnis||&#8220;][\/vc_column][vc_column width=&#8220;1\/3&#8243;][vc_btn title=&#8220;Krankenversicherung&#8220; color=&#8220;primary&#8220; align=&#8220;center&#8220; css_animation=&#8220;bounceIn&#8220; button_block=&#8220;true&#8220; link=&#8220;url:https%3A%2F%2Fwww.medizinpluspflege.de%2F%3Fpage_id%3D534|title:Krankenversicherung||&#8220;][vc_btn title=&#8220;Startseite&#8220; color=&#8220;sky&#8220; align=&#8220;center&#8220; css_animation=&#8220;bounceIn&#8220; button_block=&#8220;true&#8220; link=&#8220;url:https%3A%2F%2Fwww.medizinpluspflege.de%2F|title:Leistungen||&#8220;][\/vc_column][\/vc_row]<\/p>\n","protected":false},"excerpt":{"rendered":"<p>[vc_row][vc_column][vc_column_text] Medizinische Beratung: \u00dcberwachung von Vitalfunktionen ( Herzfrequenz, Blutdruck, Atmung), Medikamentengabe, Wundversorgung, Atemunterst\u00fctzung (z.B. Beatmung, Saustofftherapie). Pflege und Unterst\u00fctzung: Unterst\u00fctzung bei der K\u00f6rperhygiene, Mobilisation, Ern\u00e4hrung, Inkontinenzversorgung. Individuelle Betreuung: Anpassung der Pflege an die spezifischen Bed\u00fcrfnisse des Patienten, um Lebensqualit\u00e4t und Wohlbefinden zu f\u00f6rdern. Notfallmanagement: Schnelle Reaktion auf gesundheitliche Ver\u00e4nderungen oder [&hellip;]<\/p>\n","protected":false},"author":1,"featured_media":0,"parent":0,"menu_order":0,"comment_status":"closed","ping_status":"closed","template":"","meta":{"footnotes":""},"class_list":["post-416","page","type-page","status-publish","hentry"],"_links":{"self":[{"href":"https:\/\/www.medizinpluspflege.de\/index.php?rest_route=\/wp\/v2\/pages\/416","targetHints":{"allow":["GET"]}}],"collection":[{"href":"https:\/\/www.medizinpluspflege.de\/index.php?rest_route=\/wp\/v2\/pages"}],"about":[{"href":"https:\/\/www.medizinpluspflege.de\/index.php?rest_route=\/wp\/v2\/types\/page"}],"author":[{"embeddable":true,"href":"https:\/\/www.medizinpluspflege.de\/index.php?rest_route=\/wp\/v2\/users\/1"}],"replies":[{"embeddable":true,"href":"https:\/\/www.medizinpluspflege.de\/index.php?rest_route=%2Fwp%2Fv2%2Fcomments&post=416"}],"version-history":[{"count":32,"href":"https:\/\/www.medizinpluspflege.de\/index.php?rest_route=\/wp\/v2\/pages\/416\/revisions"}],"predecessor-version":[{"id":2316,"href":"https:\/\/www.medizinpluspflege.de\/index.php?rest_route=\/wp\/v2\/pages\/416\/revisions\/2316"}],"wp:attachment":[{"href":"https:\/\/www.medizinpluspflege.de\/index.php?rest_route=%2Fwp%2Fv2%2Fmedia&parent=416"}],"curies":[{"name":"wp","href":"https:\/\/api.w.org\/{rel}","templated":true}]}}