{"id":35,"date":"2017-05-24T08:37:22","date_gmt":"2017-05-24T08:37:22","guid":{"rendered":"http:\/\/power.2xm-media.de\/?page_id=35"},"modified":"2021-04-21T14:48:18","modified_gmt":"2021-04-21T14:48:18","slug":"power-zusammenarbeit","status":"publish","type":"page","link":"https:\/\/www.medizinpluspflege.de\/?page_id=35","title":{"rendered":"Angebot f\u00fcr Arztpraxen"},"content":{"rendered":"<p>[vc_row][vc_column][vc_column_text]<strong>Zusammenarbeit mit <span style=\"color: #3366ff;\">Medizin + Pflege<\/span><\/strong><\/p>\n<p>Sie betreiben eine Haus- oder Facharztpraxis?<\/p>\n<p><span style=\"color: #3366ff;\"><strong>Medizin + Pflege<\/strong><\/span> ist Ihr zuverl\u00e4ssiger Ansprechpartner f\u00fcr die Durchf\u00fchrung aller verordnungsf\u00e4higen Leistungen der Krankenversicherung<\/p>\n<p>Wir beraten Ihre Patienten kostenfrei!<\/p>\n<p>Wir bleiben in Kontakt und besprechen mit Ihnen Ver\u00e4nderungen und Entwicklungen im Verlauf der Behandlung!<\/p>\n<p>Wir bieten Ihnen und Ihrem Praxis-Personal Fortbildungen zu den Entwicklungen in der Pflegeversicherung!<\/p>\n<p>Wir stellen Ihnen gerne unser Beratungsmaterial zur Verf\u00fcgung!<\/p>\n<p>Sprechen Sie uns an, wir freuen uns auf eine vertrauensvolle Zusammenarbeit![\/vc_column_text][vc_empty_space height=&#8220;42px&#8220;][\/vc_column][\/vc_row]<\/p>\n","protected":false},"excerpt":{"rendered":"<p>[vc_row][vc_column][vc_column_text]Zusammenarbeit mit Medizin + Pflege Sie betreiben eine Haus- oder Facharztpraxis? Medizin + Pflege ist Ihr zuverl\u00e4ssiger Ansprechpartner f\u00fcr die Durchf\u00fchrung aller verordnungsf\u00e4higen Leistungen der Krankenversicherung Wir beraten Ihre Patienten kostenfrei! Wir bleiben in Kontakt und besprechen mit Ihnen Ver\u00e4nderungen und Entwicklungen im Verlauf der Behandlung! Wir bieten Ihnen und [&hellip;]<\/p>\n","protected":false},"author":1,"featured_media":0,"parent":0,"menu_order":0,"comment_status":"closed","ping_status":"closed","template":"","meta":{"footnotes":""},"class_list":["post-35","page","type-page","status-publish","hentry"],"_links":{"self":[{"href":"https:\/\/www.medizinpluspflege.de\/index.php?rest_route=\/wp\/v2\/pages\/35","targetHints":{"allow":["GET"]}}],"collection":[{"href":"https:\/\/www.medizinpluspflege.de\/index.php?rest_route=\/wp\/v2\/pages"}],"about":[{"href":"https:\/\/www.medizinpluspflege.de\/index.php?rest_route=\/wp\/v2\/types\/page"}],"author":[{"embeddable":true,"href":"https:\/\/www.medizinpluspflege.de\/index.php?rest_route=\/wp\/v2\/users\/1"}],"replies":[{"embeddable":true,"href":"https:\/\/www.medizinpluspflege.de\/index.php?rest_route=%2Fwp%2Fv2%2Fcomments&post=35"}],"version-history":[{"count":6,"href":"https:\/\/www.medizinpluspflege.de\/index.php?rest_route=\/wp\/v2\/pages\/35\/revisions"}],"predecessor-version":[{"id":2041,"href":"https:\/\/www.medizinpluspflege.de\/index.php?rest_route=\/wp\/v2\/pages\/35\/revisions\/2041"}],"wp:attachment":[{"href":"https:\/\/www.medizinpluspflege.de\/index.php?rest_route=%2Fwp%2Fv2%2Fmedia&parent=35"}],"curies":[{"name":"wp","href":"https:\/\/api.w.org\/{rel}","templated":true}]}}