{"id":33,"date":"2017-05-24T08:37:11","date_gmt":"2017-05-24T08:37:11","guid":{"rendered":"http:\/\/power.2xm-media.de\/?page_id=33"},"modified":"2021-04-21T14:53:35","modified_gmt":"2021-04-21T14:53:35","slug":"power-argumente","status":"publish","type":"page","link":"https:\/\/www.medizinpluspflege.de\/?page_id=33","title":{"rendered":"Beratung"},"content":{"rendered":"<p>[vc_row][vc_column][vc_column_text css_animation=&#8220;none&#8220;]<strong>Pflegeberatung durch<\/strong> <strong><span style=\"color: #3366ff;\">Medizin + Pflege<\/span><\/strong><\/p>\n<p>Ambulante Pflege umfasst einen weiten Bereich und bietet viele M\u00f6glichkeiten. Um unter diesen M\u00f6glichkeiten den besten Weg zu finden ist eine gute Beratung empfehlenswert.<\/p>\n<p>Unsere speziell geschulten Pflegeberater vereinbaren gerne eine Termin bei Ihnen zu Hause oder auch in unserem B\u00fcro, um Sie umfassend und individuell zu beraten. Wir beraten Sie auch gemeinsam mit Ihren Angeh\u00f6rigen, denn oft ist es hilfreich, gemeinsam nach L\u00f6sungen zu suchen.<\/p>\n<p>Selbstverst\u00e4ndlich ist die Erstberatung f\u00fcr Sie kostenfrei und unverbindlich![\/vc_column_text][vc_empty_space height=&#8220;42px&#8220;][\/vc_column][\/vc_row][vc_row][vc_column][vc_empty_space height=&#8220;42px&#8220;][vc_column_text]<strong>Beratung auf vielen Wegen:<\/strong><\/p>\n<p>Neben der pers\u00f6nlichen Erstberatung bieten wir Ihnen nat\u00fcrlich auch weitere M\u00f6glichkeiten der Beratung.<\/p>\n<p>Wenn Sie direkte Fragen haben, k\u00f6nnen wir Ihnen gerne telefonisch weiterhelfen.<\/p>\n<p>Sie beziehen Pflegegeld und ben\u00f6tigen einen Beratungsbesuch nach \u00a737,3 SGB XI? Oder Sie m\u00f6chten diesen Beratungsbesuch freiwillig nutzen? Rufen Sie uns an und vereinbaren Sie einen Termin!<\/p>\n<p>Sie pflegen Angeh\u00f6rige bei sich zu Hause und m\u00f6chten sich von Pflegefachkr\u00e4ften dabei beraten und schulen lassen? Sprechen SIe uns an, unsere examinierten Pflegefachkr\u00e4fte unterst\u00fctzen Sie gerne!<\/p>\n<p>Weitere Beratungs- und Kursangebote sind in Planung, fragen Sie uns oder teilen Sie uns Ihre W\u00fcnsche mit!<\/p>\n<p>All diese Angebote sind f\u00fcr Sie nat\u00fcrlich kostenfrei![\/vc_column_text][vc_empty_space height=&#8220;42px&#8220;][\/vc_column][\/vc_row]<\/p>\n","protected":false},"excerpt":{"rendered":"<p>[vc_row][vc_column][vc_column_text css_animation=&#8220;none&#8220;]Pflegeberatung durch Medizin + Pflege Ambulante Pflege umfasst einen weiten Bereich und bietet viele M\u00f6glichkeiten. Um unter diesen M\u00f6glichkeiten den besten Weg zu finden ist eine gute Beratung empfehlenswert. Unsere speziell geschulten Pflegeberater vereinbaren gerne eine Termin bei Ihnen zu Hause oder auch in unserem B\u00fcro, um Sie umfassend [&hellip;]<\/p>\n","protected":false},"author":1,"featured_media":0,"parent":0,"menu_order":0,"comment_status":"closed","ping_status":"closed","template":"","meta":{"footnotes":""},"class_list":["post-33","page","type-page","status-publish","hentry"],"_links":{"self":[{"href":"https:\/\/www.medizinpluspflege.de\/index.php?rest_route=\/wp\/v2\/pages\/33","targetHints":{"allow":["GET"]}}],"collection":[{"href":"https:\/\/www.medizinpluspflege.de\/index.php?rest_route=\/wp\/v2\/pages"}],"about":[{"href":"https:\/\/www.medizinpluspflege.de\/index.php?rest_route=\/wp\/v2\/types\/page"}],"author":[{"embeddable":true,"href":"https:\/\/www.medizinpluspflege.de\/index.php?rest_route=\/wp\/v2\/users\/1"}],"replies":[{"embeddable":true,"href":"https:\/\/www.medizinpluspflege.de\/index.php?rest_route=%2Fwp%2Fv2%2Fcomments&post=33"}],"version-history":[{"count":10,"href":"https:\/\/www.medizinpluspflege.de\/index.php?rest_route=\/wp\/v2\/pages\/33\/revisions"}],"predecessor-version":[{"id":2045,"href":"https:\/\/www.medizinpluspflege.de\/index.php?rest_route=\/wp\/v2\/pages\/33\/revisions\/2045"}],"wp:attachment":[{"href":"https:\/\/www.medizinpluspflege.de\/index.php?rest_route=%2Fwp%2Fv2%2Fmedia&parent=33"}],"curies":[{"name":"wp","href":"https:\/\/api.w.org\/{rel}","templated":true}]}}