{"id":1913,"date":"2020-04-23T07:45:06","date_gmt":"2020-04-23T07:45:06","guid":{"rendered":"https:\/\/www.medizinpluspflege.de\/?page_id=1913"},"modified":"2021-04-22T14:34:22","modified_gmt":"2021-04-22T14:34:22","slug":"die-schulungen-fuer-pflegende-angehoerige","status":"publish","type":"page","link":"https:\/\/www.medizinpluspflege.de\/?page_id=1913","title":{"rendered":"Die Schulungen f\u00fcr pflegende Angeh\u00f6rige"},"content":{"rendered":"<p>[vc_row][vc_column][vc_column_text]Wer seine Angeh\u00f6rigen in der eigenen H\u00e4uslichkeit pflegt, hat zudem Anspruch darauf, sich von Pflegefachkr\u00e4ften individuell anleiten zu lassen. Dies wird ebenfalls \u00fcber die Pflegeversicherung finanziert. Im Unterschied zu den Kursen findet diese Anleitung in der h\u00e4uslichen Umgebung statt, in der auch die Pflege stattfindet. So kann individuell auf die jeweilige Situation eingegangen und auch die pflegebed\u00fcrftige Person mit einbezogen werden.[\/vc_column_text][\/vc_column][\/vc_row]<\/p>\n","protected":false},"excerpt":{"rendered":"<p>[vc_row][vc_column][vc_column_text]Wer seine Angeh\u00f6rigen in der eigenen H\u00e4uslichkeit pflegt, hat zudem Anspruch darauf, sich von Pflegefachkr\u00e4ften individuell anleiten zu lassen. Dies wird ebenfalls \u00fcber die Pflegeversicherung finanziert. Im Unterschied zu den Kursen findet diese Anleitung in der h\u00e4uslichen Umgebung statt, in der auch die Pflege stattfindet. So kann individuell auf die [&hellip;]<\/p>\n","protected":false},"author":1,"featured_media":0,"parent":0,"menu_order":0,"comment_status":"closed","ping_status":"closed","template":"","meta":{"footnotes":""},"class_list":["post-1913","page","type-page","status-publish","hentry"],"_links":{"self":[{"href":"https:\/\/www.medizinpluspflege.de\/index.php?rest_route=\/wp\/v2\/pages\/1913","targetHints":{"allow":["GET"]}}],"collection":[{"href":"https:\/\/www.medizinpluspflege.de\/index.php?rest_route=\/wp\/v2\/pages"}],"about":[{"href":"https:\/\/www.medizinpluspflege.de\/index.php?rest_route=\/wp\/v2\/types\/page"}],"author":[{"embeddable":true,"href":"https:\/\/www.medizinpluspflege.de\/index.php?rest_route=\/wp\/v2\/users\/1"}],"replies":[{"embeddable":true,"href":"https:\/\/www.medizinpluspflege.de\/index.php?rest_route=%2Fwp%2Fv2%2Fcomments&post=1913"}],"version-history":[{"count":3,"href":"https:\/\/www.medizinpluspflege.de\/index.php?rest_route=\/wp\/v2\/pages\/1913\/revisions"}],"predecessor-version":[{"id":2056,"href":"https:\/\/www.medizinpluspflege.de\/index.php?rest_route=\/wp\/v2\/pages\/1913\/revisions\/2056"}],"wp:attachment":[{"href":"https:\/\/www.medizinpluspflege.de\/index.php?rest_route=%2Fwp%2Fv2%2Fmedia&parent=1913"}],"curies":[{"name":"wp","href":"https:\/\/api.w.org\/{rel}","templated":true}]}}