{"id":1909,"date":"2020-04-23T07:41:48","date_gmt":"2020-04-23T07:41:48","guid":{"rendered":"https:\/\/www.medizinpluspflege.de\/?page_id=1909"},"modified":"2021-04-22T14:36:32","modified_gmt":"2021-04-22T14:36:32","slug":"die-pflegeberatung-nach-%c2%a77a-sgb-xi","status":"publish","type":"page","link":"https:\/\/www.medizinpluspflege.de\/?page_id=1909","title":{"rendered":"Die Pflegeberatung nach \u00a77a SGB XI:"},"content":{"rendered":"<p>[vc_row][vc_column][vc_column_text]Eine Beratung zur Pflege wird von den Pflegekassen bereits bei Stellung eines Antrages auf einen Pflegegrad angeboten. Viele gesetzliche Pflegekassen bieten diese Beratung durch eigene Berater an. Privat Versicherte k\u00f6nnen sich durch die \u201eCOMPASS Pflegeberatung\u201c beraten lassen. Diese Beratungen d\u00fcrfen nur durch Personen durchgef\u00fchrt werden, die zus\u00e4tzlich zu einer pflegerischen Ausbildung auch eine spezielle Schulung durchlaufen haben. Pflegekassen, Beratungsstellen und auch einige Pflegedienste haben solche geschulten Pflegeberater unter ihren Mitarbeitern. Eine Beratung zur Pflege k\u00f6nnen auch Pflegepersonen und Angeh\u00f6rige Pflegebed\u00fcrftiger in Anspruch nehmen, solange die jeweilige pflegebed\u00fcrftige Person dem zustimmt.[\/vc_column_text][\/vc_column][\/vc_row]<\/p>\n","protected":false},"excerpt":{"rendered":"<p>[vc_row][vc_column][vc_column_text]Eine Beratung zur Pflege wird von den Pflegekassen bereits bei Stellung eines Antrages auf einen Pflegegrad angeboten. Viele gesetzliche Pflegekassen bieten diese Beratung durch eigene Berater an. Privat Versicherte k\u00f6nnen sich durch die \u201eCOMPASS Pflegeberatung\u201c beraten lassen. Diese Beratungen d\u00fcrfen nur durch Personen durchgef\u00fchrt werden, die zus\u00e4tzlich zu einer pflegerischen [&hellip;]<\/p>\n","protected":false},"author":1,"featured_media":0,"parent":0,"menu_order":0,"comment_status":"closed","ping_status":"closed","template":"","meta":{"footnotes":""},"class_list":["post-1909","page","type-page","status-publish","hentry"],"_links":{"self":[{"href":"https:\/\/www.medizinpluspflege.de\/index.php?rest_route=\/wp\/v2\/pages\/1909","targetHints":{"allow":["GET"]}}],"collection":[{"href":"https:\/\/www.medizinpluspflege.de\/index.php?rest_route=\/wp\/v2\/pages"}],"about":[{"href":"https:\/\/www.medizinpluspflege.de\/index.php?rest_route=\/wp\/v2\/types\/page"}],"author":[{"embeddable":true,"href":"https:\/\/www.medizinpluspflege.de\/index.php?rest_route=\/wp\/v2\/users\/1"}],"replies":[{"embeddable":true,"href":"https:\/\/www.medizinpluspflege.de\/index.php?rest_route=%2Fwp%2Fv2%2Fcomments&post=1909"}],"version-history":[{"count":6,"href":"https:\/\/www.medizinpluspflege.de\/index.php?rest_route=\/wp\/v2\/pages\/1909\/revisions"}],"predecessor-version":[{"id":2058,"href":"https:\/\/www.medizinpluspflege.de\/index.php?rest_route=\/wp\/v2\/pages\/1909\/revisions\/2058"}],"wp:attachment":[{"href":"https:\/\/www.medizinpluspflege.de\/index.php?rest_route=%2Fwp%2Fv2%2Fmedia&parent=1909"}],"curies":[{"name":"wp","href":"https:\/\/api.w.org\/{rel}","templated":true}]}}