{"id":1907,"date":"2020-04-23T07:39:55","date_gmt":"2020-04-23T07:39:55","guid":{"rendered":"https:\/\/www.medizinpluspflege.de\/?page_id=1907"},"modified":"2021-04-23T12:11:08","modified_gmt":"2021-04-23T12:11:08","slug":"die-beratungseinsaetze-nach-%c2%a737-3-sgb-xi","status":"publish","type":"page","link":"https:\/\/www.medizinpluspflege.de\/?page_id=1907","title":{"rendered":"Die Beratungseins\u00e4tze nach \u00a737.3 SGB XI"},"content":{"rendered":"<p>[vc_row][vc_column][vc_column_text]Wer anstelle der Sachleistung Pflegegeld bezieht, ist verpflichtet, sich in regelm\u00e4\u00dfigen Abst\u00e4nden durch eine Pflegefachkraft eines zugelassenen Pflegedienstes beraten zu lassen. Diese Beratung wird protokolliert und das Protokoll sowohl der Pflegekasse als auch der pflegebed\u00fcrftigen Person zugestellt. Diese Beratungen dienen dazu sicherzustellen, dass die Empf\u00e4nger von Pflegegeld eine ad\u00e4quate Pflege erhalten. Sie sind aber auch daf\u00fcr gedacht, pflegebed\u00fcrftigen Personen und ihren Angeh\u00f6rigen und Pflegepersonen eine M\u00f6glichkeit zu geben, sich \u00fcber neue Entwicklungen zu informieren, Fragen zur Pflege und zur Pflegeversicherung zu stellen und sich auch den ein oder anderen Tipp von erfahrenen Pflegefachkr\u00e4ften geben zu lassen. Auch ein erh\u00f6hter Bedarf an Pflege oder an Hilfsmitteln und Therapien kann so erfasst werden. Diese Beratungen m\u00fcssen bei Pflegegrad 2 und 3 alle sechs Monate und bei Pflegegrad 4 und 5 alle drei Monate stattfinden. Pflegebed\u00fcrftige Personen mit Pflegegrad 1 und Personen, die Sachleistungen oder Kombinationsleistung erhalten, sind nicht verpflichtet, sich beraten zu lassen, haben aber das Recht, diese Beratung freiwillig in Anspruch zu nehmen. Dies wird von vielen Pflegediensten gerne angeboten.[\/vc_column_text][\/vc_column][\/vc_row]<\/p>\n","protected":false},"excerpt":{"rendered":"<p>[vc_row][vc_column][vc_column_text]Wer anstelle der Sachleistung Pflegegeld bezieht, ist verpflichtet, sich in regelm\u00e4\u00dfigen Abst\u00e4nden durch eine Pflegefachkraft eines zugelassenen Pflegedienstes beraten zu lassen. Diese Beratung wird protokolliert und das Protokoll sowohl der Pflegekasse als auch der pflegebed\u00fcrftigen Person zugestellt. Diese Beratungen dienen dazu sicherzustellen, dass die Empf\u00e4nger von Pflegegeld eine ad\u00e4quate Pflege [&hellip;]<\/p>\n","protected":false},"author":1,"featured_media":0,"parent":0,"menu_order":0,"comment_status":"closed","ping_status":"closed","template":"","meta":{"footnotes":""},"class_list":["post-1907","page","type-page","status-publish","hentry"],"_links":{"self":[{"href":"https:\/\/www.medizinpluspflege.de\/index.php?rest_route=\/wp\/v2\/pages\/1907","targetHints":{"allow":["GET"]}}],"collection":[{"href":"https:\/\/www.medizinpluspflege.de\/index.php?rest_route=\/wp\/v2\/pages"}],"about":[{"href":"https:\/\/www.medizinpluspflege.de\/index.php?rest_route=\/wp\/v2\/types\/page"}],"author":[{"embeddable":true,"href":"https:\/\/www.medizinpluspflege.de\/index.php?rest_route=\/wp\/v2\/users\/1"}],"replies":[{"embeddable":true,"href":"https:\/\/www.medizinpluspflege.de\/index.php?rest_route=%2Fwp%2Fv2%2Fcomments&post=1907"}],"version-history":[{"count":2,"href":"https:\/\/www.medizinpluspflege.de\/index.php?rest_route=\/wp\/v2\/pages\/1907\/revisions"}],"predecessor-version":[{"id":2065,"href":"https:\/\/www.medizinpluspflege.de\/index.php?rest_route=\/wp\/v2\/pages\/1907\/revisions\/2065"}],"wp:attachment":[{"href":"https:\/\/www.medizinpluspflege.de\/index.php?rest_route=%2Fwp%2Fv2%2Fmedia&parent=1907"}],"curies":[{"name":"wp","href":"https:\/\/api.w.org\/{rel}","templated":true}]}}