{"id":1905,"date":"2020-04-23T07:36:55","date_gmt":"2020-04-23T07:36:55","guid":{"rendered":"https:\/\/www.medizinpluspflege.de\/?page_id=1905"},"modified":"2021-04-23T12:10:37","modified_gmt":"2021-04-23T12:10:37","slug":"die-massnahmen-zur-verbesserung-des-wohnumfeldes","status":"publish","type":"page","link":"https:\/\/www.medizinpluspflege.de\/?page_id=1905","title":{"rendered":"Verbesserung des Wohnumfeldes"},"content":{"rendered":"<p>[vc_row][vc_column][vc_column_text]Die Pflegekasse kann auch Ma\u00dfnahmen zur Verbesserung des Wohnumfeldes bezuschussen. Gemeint sind bauliche Ma\u00dfnahmen, die dazu dienen, Barrieren zu beseitigen, so dass ein m\u00f6glichst selbst\u00e4ndiges Leben in der gewohnten Umgebung erm\u00f6glicht wird. So k\u00f6nnen zum Beispiel Badezimmer umgebaut, T\u00fcrschwellen beseitigt, Rampen oder Treppenlifte eingebaut werden. Die Zusch\u00fcsse zu solchen Ma\u00dfnahmen m\u00fcssen unbedingt vor Beginn der Bauma\u00dfnahme beantragt werden, da die Pflegekassen h\u00e4ufig darauf bestehen, dass ein oder mehrere Kostenvoranschl\u00e4ge eingereicht werden bevor die Genehmigung erteilt wird. Nachtr\u00e4gliche Genehmigungen werden nicht erteilt. Es ist daher sinnvoll, sich fr\u00fchzeitig an die Pflegekasse zu wenden, um sich dort beraten zu lassen. Die H\u00f6he der Zusch\u00fcsse betr\u00e4gt maximal 4.000\u20ac f\u00fcr jede Bauma\u00dfnahme. In Wohngemeinschaften k\u00f6nnen f\u00fcr die ersten vier Personen pro Person 4.000\u20ac gew\u00e4hrt werden, so dass maximal 16.000\u20ac F\u00f6rderung m\u00f6glich sind.[\/vc_column_text][\/vc_column][\/vc_row]<\/p>\n","protected":false},"excerpt":{"rendered":"<p>[vc_row][vc_column][vc_column_text]Die Pflegekasse kann auch Ma\u00dfnahmen zur Verbesserung des Wohnumfeldes bezuschussen. Gemeint sind bauliche Ma\u00dfnahmen, die dazu dienen, Barrieren zu beseitigen, so dass ein m\u00f6glichst selbst\u00e4ndiges Leben in der gewohnten Umgebung erm\u00f6glicht wird. So k\u00f6nnen zum Beispiel Badezimmer umgebaut, T\u00fcrschwellen beseitigt, Rampen oder Treppenlifte eingebaut werden. Die Zusch\u00fcsse zu solchen Ma\u00dfnahmen [&hellip;]<\/p>\n","protected":false},"author":1,"featured_media":0,"parent":0,"menu_order":0,"comment_status":"closed","ping_status":"closed","template":"","meta":{"footnotes":""},"class_list":["post-1905","page","type-page","status-publish","hentry"],"_links":{"self":[{"href":"https:\/\/www.medizinpluspflege.de\/index.php?rest_route=\/wp\/v2\/pages\/1905","targetHints":{"allow":["GET"]}}],"collection":[{"href":"https:\/\/www.medizinpluspflege.de\/index.php?rest_route=\/wp\/v2\/pages"}],"about":[{"href":"https:\/\/www.medizinpluspflege.de\/index.php?rest_route=\/wp\/v2\/types\/page"}],"author":[{"embeddable":true,"href":"https:\/\/www.medizinpluspflege.de\/index.php?rest_route=\/wp\/v2\/users\/1"}],"replies":[{"embeddable":true,"href":"https:\/\/www.medizinpluspflege.de\/index.php?rest_route=%2Fwp%2Fv2%2Fcomments&post=1905"}],"version-history":[{"count":3,"href":"https:\/\/www.medizinpluspflege.de\/index.php?rest_route=\/wp\/v2\/pages\/1905\/revisions"}],"predecessor-version":[{"id":2064,"href":"https:\/\/www.medizinpluspflege.de\/index.php?rest_route=\/wp\/v2\/pages\/1905\/revisions\/2064"}],"wp:attachment":[{"href":"https:\/\/www.medizinpluspflege.de\/index.php?rest_route=%2Fwp%2Fv2%2Fmedia&parent=1905"}],"curies":[{"name":"wp","href":"https:\/\/api.w.org\/{rel}","templated":true}]}}