{"id":1901,"date":"2020-04-23T07:32:39","date_gmt":"2020-04-23T07:32:39","guid":{"rendered":"https:\/\/www.medizinpluspflege.de\/?page_id=1901"},"modified":"2021-04-22T14:35:41","modified_gmt":"2021-04-22T14:35:41","slug":"die-pflegehilfsmittel","status":"publish","type":"page","link":"https:\/\/www.medizinpluspflege.de\/?page_id=1901","title":{"rendered":"Die Pflegehilfsmittel"},"content":{"rendered":"<p>[vc_row][vc_column][vc_column_text]Auch die Kosten f\u00fcr technische Hilfsmittel k\u00f6nnen von der Kranken- oder Pflegekasse \u00fcbernommen werden. Dazu kann ein Haus- oder Facharzt ein sogenanntes \u201eHilfsmittelrezept\u201c ausstellen. Hierbei wird die gesetzliche Zuzahlung f\u00e4llig, diese betr\u00e4gt 10% der Kosten des Hilfsmittels, mindestens 5\u20ac und h\u00f6chstens 10\u20ac je Hilfsmittel. Zu den technischen Hilfsmitteln geh\u00f6ren Gehst\u00f6cke, Rollatoren, Rollst\u00fchle, Toilettensitzerh\u00f6hungen, Haltegriffe, Pflegebetten, Orthesen, Kompressionsstr\u00fcmpfe und vieles mehr. Manche Hilfsmittel werden leihweise zur Verf\u00fcgung gestellt, das wird durch die Kasse entschieden. Manche Kassen arbeiten nur mit bestimmten Sanit\u00e4tsh\u00e4usern zusammen, es ist daher ratsam, nachzufragen, mit welchem Anbieter die jeweilige Kasse zusammenarbeitet. Viele Sanit\u00e4tsh\u00e4user haben eine gro\u00dfe Auswahl vorr\u00e4tig und k\u00f6nnen bei der Auswahl fachkundig beraten. Auch eine Beratung im eigenen h\u00e4uslichen Umfeld ist oft m\u00f6glich und kann helfen, das richtige Hilfsmittel f\u00fcr den pers\u00f6nlichen Bedarf zu finden. Hilfsmittel k\u00f6nnen beantragt werden, sobald ein Bedarf besteht, die Genehmigung ist nicht davon abh\u00e4ngig, ob ein Pflegegrad besteht.[\/vc_column_text][\/vc_column][\/vc_row]<\/p>\n","protected":false},"excerpt":{"rendered":"<p>[vc_row][vc_column][vc_column_text]Auch die Kosten f\u00fcr technische Hilfsmittel k\u00f6nnen von der Kranken- oder Pflegekasse \u00fcbernommen werden. Dazu kann ein Haus- oder Facharzt ein sogenanntes \u201eHilfsmittelrezept\u201c ausstellen. Hierbei wird die gesetzliche Zuzahlung f\u00e4llig, diese betr\u00e4gt 10% der Kosten des Hilfsmittels, mindestens 5\u20ac und h\u00f6chstens 10\u20ac je Hilfsmittel. Zu den technischen Hilfsmitteln geh\u00f6ren Gehst\u00f6cke, [&hellip;]<\/p>\n","protected":false},"author":1,"featured_media":0,"parent":0,"menu_order":0,"comment_status":"closed","ping_status":"closed","template":"","meta":{"footnotes":""},"class_list":["post-1901","page","type-page","status-publish","hentry"],"_links":{"self":[{"href":"https:\/\/www.medizinpluspflege.de\/index.php?rest_route=\/wp\/v2\/pages\/1901","targetHints":{"allow":["GET"]}}],"collection":[{"href":"https:\/\/www.medizinpluspflege.de\/index.php?rest_route=\/wp\/v2\/pages"}],"about":[{"href":"https:\/\/www.medizinpluspflege.de\/index.php?rest_route=\/wp\/v2\/types\/page"}],"author":[{"embeddable":true,"href":"https:\/\/www.medizinpluspflege.de\/index.php?rest_route=\/wp\/v2\/users\/1"}],"replies":[{"embeddable":true,"href":"https:\/\/www.medizinpluspflege.de\/index.php?rest_route=%2Fwp%2Fv2%2Fcomments&post=1901"}],"version-history":[{"count":2,"href":"https:\/\/www.medizinpluspflege.de\/index.php?rest_route=\/wp\/v2\/pages\/1901\/revisions"}],"predecessor-version":[{"id":2057,"href":"https:\/\/www.medizinpluspflege.de\/index.php?rest_route=\/wp\/v2\/pages\/1901\/revisions\/2057"}],"wp:attachment":[{"href":"https:\/\/www.medizinpluspflege.de\/index.php?rest_route=%2Fwp%2Fv2%2Fmedia&parent=1901"}],"curies":[{"name":"wp","href":"https:\/\/api.w.org\/{rel}","templated":true}]}}