{"id":1897,"date":"2020-04-23T07:23:57","date_gmt":"2020-04-23T07:23:57","guid":{"rendered":"https:\/\/www.medizinpluspflege.de\/?page_id=1897"},"modified":"2021-04-22T14:33:57","modified_gmt":"2021-04-22T14:33:57","slug":"die-tages-oder-nachtpflege","status":"publish","type":"page","link":"https:\/\/www.medizinpluspflege.de\/?page_id=1897","title":{"rendered":"Die Tages- oder Nachtpflege"},"content":{"rendered":"<p>[vc_row][vc_column][vc_column_text]Die Pflegekasse stellt einen zus\u00e4tzlichen Betrag in H\u00f6he des Betrages f\u00fcr Pflegesachleistungen im jeweiligen Pflegegrad monatlich f\u00fcr den Besuch von Tages- oder Nachtpflege-Einrichtungen zur Verf\u00fcgung. H\u00e4ufig wird allerdings noch ein Betrag f\u00fcr die Verpflegung f\u00e4llig, der privat zu entrichten ist. In einer Einrichtung der Tagespflege wird tags\u00fcber Pflege, Betreuung und Verpflegung angeboten. Meist werden mehrere Mahlzeiten gereicht und ein abwechslungsreiches Programm zur Besch\u00e4ftigung erstellt. H\u00e4ufig sind auch therapeutische Ma\u00dfnahmen in den R\u00e4umen einer Tagespflege m\u00f6glich. In der Regel wird auch ein Fahrdienst angeboten, der die Fahrten zur Tagespflege und zur\u00fcck organisiert. Der Besuch einer solchen Einrichtung ist an einem oder mehreren Tagen in der Woche m\u00f6glich. In Einrichtungen der Nachtpflege wird eine Betreuung \u00fcber Nacht angeboten, besonders f\u00fcr pflegebed\u00fcrftige Personen mit ver\u00e4ndertem Tag-\/Nachtrhythmus. Nachtpflegeeinrichtungen sind jedoch noch nicht sehr weit verbreitet.[\/vc_column_text][\/vc_column][\/vc_row]<\/p>\n","protected":false},"excerpt":{"rendered":"<p>[vc_row][vc_column][vc_column_text]Die Pflegekasse stellt einen zus\u00e4tzlichen Betrag in H\u00f6he des Betrages f\u00fcr Pflegesachleistungen im jeweiligen Pflegegrad monatlich f\u00fcr den Besuch von Tages- oder Nachtpflege-Einrichtungen zur Verf\u00fcgung. H\u00e4ufig wird allerdings noch ein Betrag f\u00fcr die Verpflegung f\u00e4llig, der privat zu entrichten ist. In einer Einrichtung der Tagespflege wird tags\u00fcber Pflege, Betreuung und [&hellip;]<\/p>\n","protected":false},"author":1,"featured_media":0,"parent":0,"menu_order":0,"comment_status":"closed","ping_status":"closed","template":"","meta":{"footnotes":""},"class_list":["post-1897","page","type-page","status-publish","hentry"],"_links":{"self":[{"href":"https:\/\/www.medizinpluspflege.de\/index.php?rest_route=\/wp\/v2\/pages\/1897","targetHints":{"allow":["GET"]}}],"collection":[{"href":"https:\/\/www.medizinpluspflege.de\/index.php?rest_route=\/wp\/v2\/pages"}],"about":[{"href":"https:\/\/www.medizinpluspflege.de\/index.php?rest_route=\/wp\/v2\/types\/page"}],"author":[{"embeddable":true,"href":"https:\/\/www.medizinpluspflege.de\/index.php?rest_route=\/wp\/v2\/users\/1"}],"replies":[{"embeddable":true,"href":"https:\/\/www.medizinpluspflege.de\/index.php?rest_route=%2Fwp%2Fv2%2Fcomments&post=1897"}],"version-history":[{"count":3,"href":"https:\/\/www.medizinpluspflege.de\/index.php?rest_route=\/wp\/v2\/pages\/1897\/revisions"}],"predecessor-version":[{"id":2054,"href":"https:\/\/www.medizinpluspflege.de\/index.php?rest_route=\/wp\/v2\/pages\/1897\/revisions\/2054"}],"wp:attachment":[{"href":"https:\/\/www.medizinpluspflege.de\/index.php?rest_route=%2Fwp%2Fv2%2Fmedia&parent=1897"}],"curies":[{"name":"wp","href":"https:\/\/api.w.org\/{rel}","templated":true}]}}