{"id":1893,"date":"2020-04-23T07:19:58","date_gmt":"2020-04-23T07:19:58","guid":{"rendered":"https:\/\/www.medizinpluspflege.de\/?page_id=1893"},"modified":"2021-04-23T12:08:21","modified_gmt":"2021-04-23T12:08:21","slug":"die-verhinderungspflege","status":"publish","type":"page","link":"https:\/\/www.medizinpluspflege.de\/?page_id=1893","title":{"rendered":"Die Verhinderungspflege"},"content":{"rendered":"<p>[vc_row][vc_column][vc_column_text]Um einen Ausgleich zu schaffen, falls Pflegepersonen einmal verhindert sind und die gewohnte Hilfeleistung nicht erbringen k\u00f6nnen, gibt es die M\u00f6glichkeit der \u201eVerhinderungspflege\u201c. Bedingung f\u00fcr die Inanspruchnahme der Verhinderungspflege ist, dass die Pflege bereits seit mindestens sechs Monaten durchgef\u00fchrt wird. Das muss jedoch nicht bedeuten, dass der Pflegegrad bereits so lange genehmigt ist. Auch Pflege, die vor Antragstellung geleistet wurde, wird hier anerkannt, da ein Antrag auf Pflegegrad h\u00e4ufig erst gestellt wird, wenn die Belastung f\u00fcr Angeh\u00f6rige steigt. Die Leistungen der Verhinderungspflege m\u00fcssen bei der Pflegekasse beantragt werden. Wenn die Verhinderung der Pflegeperson jedoch spontan oder im Rahmen eines Notfalls eintritt, kann dies auch nachtr\u00e4glich oder in kurzer Frist geschehen. Es sollte jedoch m\u00f6glichst fr\u00fch ein Antrag gestellt werden. Wenn ein ambulanter Pflegedienst mit der Erbringung der Verhinderungspflege beauftragt wird, kann dieser \u00fcber einen Zeitraum von 42 Tagen die Pflege \u00fcbernehmen, sofern t\u00e4glich mindestens acht Stunden lang Pflege ben\u00f6tigt wird. Werden weniger als diese acht Stunden am Tag ben\u00f6tigt, steht \u00fcber das Jahr verteilt ein Betrag von 1.612\u20ac zur Verf\u00fcgung, der f\u00fcr jede Art von Leistungen der ambulanten Pflege genutzt werden kann. Die Abrechnung erfolgt nach Zeit. H\u00e4ufig rechnen Pflegedienste im 15 Minuten-Takt ab. Mit Ablauf des Kalenderjahres verf\u00e4llt der nicht genutzte Restbetrag, jedoch steht mit Beginn des neuen Jahres wieder der volle Jahresbetrag zur Verf\u00fcgung. Sollten die Leistungen der \u201eKurzzeitpflege\u201c (siehe unten) nicht l\u00e4nger als zwei Wochen in Anspruch genommen werden, kann der zur Verf\u00fcgung stehende Betrag um 50%, also um 806\u20ac, erh\u00f6ht werden. Insgesamt stehen dann 2.418\u20ac f\u00fcr die Verhinderungspflege zur Verf\u00fcgung.[\/vc_column_text][\/vc_column][\/vc_row]<\/p>\n","protected":false},"excerpt":{"rendered":"<p>[vc_row][vc_column][vc_column_text]Um einen Ausgleich zu schaffen, falls Pflegepersonen einmal verhindert sind und die gewohnte Hilfeleistung nicht erbringen k\u00f6nnen, gibt es die M\u00f6glichkeit der \u201eVerhinderungspflege\u201c. Bedingung f\u00fcr die Inanspruchnahme der Verhinderungspflege ist, dass die Pflege bereits seit mindestens sechs Monaten durchgef\u00fchrt wird. Das muss jedoch nicht bedeuten, dass der Pflegegrad bereits so [&hellip;]<\/p>\n","protected":false},"author":1,"featured_media":0,"parent":0,"menu_order":0,"comment_status":"closed","ping_status":"closed","template":"","meta":{"footnotes":""},"class_list":["post-1893","page","type-page","status-publish","hentry"],"_links":{"self":[{"href":"https:\/\/www.medizinpluspflege.de\/index.php?rest_route=\/wp\/v2\/pages\/1893","targetHints":{"allow":["GET"]}}],"collection":[{"href":"https:\/\/www.medizinpluspflege.de\/index.php?rest_route=\/wp\/v2\/pages"}],"about":[{"href":"https:\/\/www.medizinpluspflege.de\/index.php?rest_route=\/wp\/v2\/types\/page"}],"author":[{"embeddable":true,"href":"https:\/\/www.medizinpluspflege.de\/index.php?rest_route=\/wp\/v2\/users\/1"}],"replies":[{"embeddable":true,"href":"https:\/\/www.medizinpluspflege.de\/index.php?rest_route=%2Fwp%2Fv2%2Fcomments&post=1893"}],"version-history":[{"count":2,"href":"https:\/\/www.medizinpluspflege.de\/index.php?rest_route=\/wp\/v2\/pages\/1893\/revisions"}],"predecessor-version":[{"id":2061,"href":"https:\/\/www.medizinpluspflege.de\/index.php?rest_route=\/wp\/v2\/pages\/1893\/revisions\/2061"}],"wp:attachment":[{"href":"https:\/\/www.medizinpluspflege.de\/index.php?rest_route=%2Fwp%2Fv2%2Fmedia&parent=1893"}],"curies":[{"name":"wp","href":"https:\/\/api.w.org\/{rel}","templated":true}]}}