{"id":1891,"date":"2020-04-23T07:17:57","date_gmt":"2020-04-23T07:17:57","guid":{"rendered":"https:\/\/www.medizinpluspflege.de\/?page_id=1891"},"modified":"2021-04-23T12:07:35","modified_gmt":"2021-04-23T12:07:35","slug":"der-entlastungsbetrag","status":"publish","type":"page","link":"https:\/\/www.medizinpluspflege.de\/?page_id=1891","title":{"rendered":"Der Entlastungsbetrag nach \u00a745 SGB XI"},"content":{"rendered":"<p>[vc_row][vc_column][vc_column_text]Eine wichtige zus\u00e4tzliche Leistung ist der \u201eEntlastungsbetrag\u201c. Er ist so benannt, weil er dazu beitragen soll, pflegende Angeh\u00f6rige zu entlasten, steht aber auch pflegebed\u00fcrftigen Personen zur Verf\u00fcgung, die nicht von Angeh\u00f6rigen gepflegt werden. Monatlich stehen 125\u20ac zur Verf\u00fcgung, die f\u00fcr Hilfe bei der Haushaltsf\u00fchrung oder f\u00fcr Betreuungsleistungen genutzt werden k\u00f6nnen. Betreuung beschreibt in diesem Zusammenhang, gemeinsam verbrachte Zeit. Das kann die Begleitung bei Unternehmungen, Spazierg\u00e4ngen oder im Alltag sein, Vorlesen, gemeinsames Spielen oder Musizieren oder auch einfach nur jemandem Gesellschaft zu leisten. Der Entlastungsbetrag kann, wenn die Leistung von einem zugelassenen Pflegedienst erbracht wurde, erstattet werden. Einfacher ist es jedoch, dem Pflegedienst eine \u201eAbtretungserkl\u00e4rung\u201c auszustellen, so dass dieser direkt mit der Pflegekasse abrechnen kann. Abgerechnet werden k\u00f6nnen auch dann nur die Leistungen, die der Pflegedienst tats\u00e4chlich erbracht hat. Der Entlastungsbetrag kann bis zu sechs Monate angespart werden. Er kann nicht f\u00fcr Leistungen der K\u00f6rperpflege verwendet werden. Bei Pflegegrad 1 wird nur der Entlastungsbetrag und keine weitere Leistung gew\u00e4hrt. In diesem Fall darf der Betrag jedoch auch f\u00fcr weitere Sachleistungen und Leistungen der Tages- oder Nachtpflege eingesetzt werden.[\/vc_column_text][\/vc_column][\/vc_row]<\/p>\n","protected":false},"excerpt":{"rendered":"<p>[vc_row][vc_column][vc_column_text]Eine wichtige zus\u00e4tzliche Leistung ist der \u201eEntlastungsbetrag\u201c. Er ist so benannt, weil er dazu beitragen soll, pflegende Angeh\u00f6rige zu entlasten, steht aber auch pflegebed\u00fcrftigen Personen zur Verf\u00fcgung, die nicht von Angeh\u00f6rigen gepflegt werden. Monatlich stehen 125\u20ac zur Verf\u00fcgung, die f\u00fcr Hilfe bei der Haushaltsf\u00fchrung oder f\u00fcr Betreuungsleistungen genutzt werden k\u00f6nnen. [&hellip;]<\/p>\n","protected":false},"author":1,"featured_media":0,"parent":0,"menu_order":0,"comment_status":"closed","ping_status":"closed","template":"","meta":{"footnotes":""},"class_list":["post-1891","page","type-page","status-publish","hentry"],"_links":{"self":[{"href":"https:\/\/www.medizinpluspflege.de\/index.php?rest_route=\/wp\/v2\/pages\/1891","targetHints":{"allow":["GET"]}}],"collection":[{"href":"https:\/\/www.medizinpluspflege.de\/index.php?rest_route=\/wp\/v2\/pages"}],"about":[{"href":"https:\/\/www.medizinpluspflege.de\/index.php?rest_route=\/wp\/v2\/types\/page"}],"author":[{"embeddable":true,"href":"https:\/\/www.medizinpluspflege.de\/index.php?rest_route=\/wp\/v2\/users\/1"}],"replies":[{"embeddable":true,"href":"https:\/\/www.medizinpluspflege.de\/index.php?rest_route=%2Fwp%2Fv2%2Fcomments&post=1891"}],"version-history":[{"count":2,"href":"https:\/\/www.medizinpluspflege.de\/index.php?rest_route=\/wp\/v2\/pages\/1891\/revisions"}],"predecessor-version":[{"id":2060,"href":"https:\/\/www.medizinpluspflege.de\/index.php?rest_route=\/wp\/v2\/pages\/1891\/revisions\/2060"}],"wp:attachment":[{"href":"https:\/\/www.medizinpluspflege.de\/index.php?rest_route=%2Fwp%2Fv2%2Fmedia&parent=1891"}],"curies":[{"name":"wp","href":"https:\/\/api.w.org\/{rel}","templated":true}]}}