{"id":1885,"date":"2020-04-23T07:10:59","date_gmt":"2020-04-23T07:10:59","guid":{"rendered":"https:\/\/www.medizinpluspflege.de\/?page_id=1885"},"modified":"2021-05-25T11:41:36","modified_gmt":"2021-05-25T11:41:36","slug":"welche-art-von-leistungen-gibt-es-in-der-ambulanten-pflege","status":"publish","type":"page","link":"https:\/\/www.medizinpluspflege.de\/?page_id=1885","title":{"rendered":"Leistungen der ambulanten Pflege"},"content":{"rendered":"<p>[vc_row][vc_column][vc_column_text]<span style=\"color: #3366ff;\">Welche Arten von Leistungen gibt es in der ambulanten Pflege?:<\/span><\/p>\n<p>Wird ein Pflegegrad genehmigt, werden in der Regel sogenannte \u201eSachleistungen\u201c bewilligt. Darunter versteht man die Hilfeleistung durch einen ambulanten Pflegedienst, die direkt mit der Pflegekasse abgerechnet wird. Diese Leistungen werden nach Minuten abgerechnet oder \u00fcber sogenannte \u201eLeistungskomplexe\u201c. Ein Leistungskomplex beinhaltet alle Verrichtungen, die zu einer bestimmten Pflegehandlung geh\u00f6ren. Die Leistungskomplexe unterscheiden sich von Bundesland zu Bundesland und sind in \u201eLeistungskomplexkatalogen\u201c geregelt. In Niedersachsen beinhaltet zum Beispiel der Leistungskomplex \u201eGro\u00dfe Pflege I\u201c alles was zu einer Waschung des ganzen K\u00f6rpers geh\u00f6rt. Das Waschen selbst, das An- und Auskleiden und m\u00f6glicherweise auch das Haarewaschen und das Z\u00e4hneputzen. Wenn der Betrag f\u00fcr Sachleistungen nicht f\u00fcr die gew\u00fcnschten Leistungen ausreicht, muss der \u00fcbersch\u00fcssige Betrag von der pflegebed\u00fcrftigen Person privat beglichen werden. Wenn weniger Leistungen abgerechnet werden, als m\u00f6glich, so verf\u00e4llt der Restbetrag.<br \/>\nWenn Angeh\u00f6rige oder Bekannte einer pflegebed\u00fcrftigen Person helfen, k\u00f6nnen sie als \u201ePflegeperson\u201c (im Unterschied zur beruflich pflegenden \u201ePflegekraft\u201c) bei der Pflegekasse gemeldet werden. Eine Pflegeperson muss nicht unbedingt bei der K\u00f6rperpflege helfen, auch Hilfe im Haushalt, Gesellschaft leisten, Begleiten oder Hilfe bei weiteren Angelegenheiten k\u00f6nnen hier gemeint sein.<br \/>\nDie Registrierung als Pflegeperson bringt keinerlei Rechte oder Verpflichtungen mit sich. Wenn eine Pflegeperson allerdings mehr als 14 Stunden in der Woche eine pflegebed\u00fcrftige Person unterst\u00fctzt, ist sie w\u00e4hrend der Hilfeleistung durch die Pflegeversicherung unfallversichert. Wenn die Pflegeperson dar\u00fcber hinaus nicht selbst verrentet ist und weniger als 30 Stunden in der Woche berufst\u00e4tig ist, kann ein Zuschuss zur Rentenversicherung gew\u00e4hrt werden.<br \/>\nIst eine Pflegeperson eingetragen, gibt es neben den Sachleistungen noch zwei weitere M\u00f6glichkeiten:<br \/>\nAnstelle der Sachleistung kann ein \u201ePflegegeld\u201c bezogen werden. In diesem Fall wird ein Betrag, der vom Pflegegrad abh\u00e4ngig ist, direkt an die pflegebed\u00fcrftige Person ausbezahlt. Dieser Betrag ist deutlich geringer, als der Betrag, der f\u00fcr Sachleistungen gew\u00e4hrt wird und wird in der Regel am ersten des Monats auf das Konto \u00fcberwiesen. Der Betrag kann frei verwendet werden und ist nicht an einen bestimmten Zweck gebunden. Allerdings entf\u00e4llt bei Bezug von Pflegegeld die M\u00f6glichkeit, dass ein Pflegedienst direkt mit der Pflegekasse abrechnet.<\/p>\n<p>Die dritte M\u00f6glichkeit kombiniert Sachleistung und Pflegegeld und wird daher als \u201eKombinationsleistung\u201c bezeichnet. Bei dieser Variante kann ein Pflegedienst die Sachleistungen erbringen und abrechnen, als w\u00e4re die Variante \u201eSachleistung\u201c gew\u00e4hlt. Sollte jedoch weniger als der genehmigte Betrag f\u00fcr Sachleistung abgerechnet werden, errechnet die Pflegekasse den prozentualen Anteil, der noch offen ist. Dieser Prozentsatz wird dann vom Pflegegeld ausbezahlt, allerdings nicht zum ersten des Monats sondern erst nachdem der Pflegedienst abgerechnet hat. Es wird also nicht ein Betrag in H\u00f6he der nicht erbrachten Sachleistung ausbezahlt, sondern ein prozentualer Anteil am Pflegegeld. Dennoch ist diese Variante h\u00e4ufig die g\u00fcnstigste, da kein Betrag verf\u00e4llt.<\/p>\n<p><span style=\"color: #3366ff;\">Eine Beispielrechnung f\u00fcr die Kombinationsleistung:<\/span><\/p>\n<p>Wird der volle Betrag f\u00fcr Sachleistungen ausgesch\u00f6pft, bei Pflegegrad 4 w\u00e4ren das zum Beispiel 1.612\u20ac, wird kein Pflegegeld mehr gezahlt. Betr\u00e4ge dar\u00fcber hinaus m\u00fcssen auch bei Kombinationsleistung privat beglichen werden.<br \/>\nWird einen Monat lang keine Sachleistung erbracht, wird der volle Betrag an Pflegegeld, bei Pflegegrad 4 w\u00e4ren das 728\u20ac, ausbezahlt.<br \/>\nWird nur ein Teil des Betrages f\u00fcr Sachleistungen abgerechnet, wird der Prozentsatz errechnet, der nicht abgerechnet wurde. Nehmen wir an, bei Pflegegrad 4 wird die H\u00e4lfte der Sachleistung, also 806\u20ac, abgerechnet. Das w\u00fcrde bedeuten 50% wurden nicht abgerechnet. Dieser Prozentsatz wird nun vom Pflegegeld ausgezahlt, in unserem Beispiel also 364\u20ac (50% von 728\u20ac).<\/p>\n<p><span style=\"color: #3366ff;\">Sachleistungen und Pflegegeld nach Pflegegraden:<\/span>[\/vc_column_text][\/vc_column][\/vc_row][vc_row][vc_column][vc_column_text]<span style=\"color: #3366ff;\">*Bei Pflegegrad 1 werden keine Leistungen gew\u00e4hrt. Jedoch kann der Entlastungsbetrag (siehe unten) in Pflegegrad 1 auch f\u00fcr Sachleistungen, Tagespflege, Hilfe im Haushalt oder Betreuungsleistungen aufgewendet werden.<\/span>[\/vc_column_text][vc_single_image image=&#8220;1876&#8243; img_size=&#8220;full&#8220;][\/vc_column][\/vc_row]<\/p>\n","protected":false},"excerpt":{"rendered":"<p>[vc_row][vc_column][vc_column_text]Welche Arten von Leistungen gibt es in der ambulanten Pflege?: Wird ein Pflegegrad genehmigt, werden in der Regel sogenannte \u201eSachleistungen\u201c bewilligt. Darunter versteht man die Hilfeleistung durch einen ambulanten Pflegedienst, die direkt mit der Pflegekasse abgerechnet wird. Diese Leistungen werden nach Minuten abgerechnet oder \u00fcber sogenannte \u201eLeistungskomplexe\u201c. Ein Leistungskomplex beinhaltet [&hellip;]<\/p>\n","protected":false},"author":1,"featured_media":0,"parent":0,"menu_order":0,"comment_status":"closed","ping_status":"closed","template":"","meta":{"footnotes":""},"class_list":["post-1885","page","type-page","status-publish","hentry"],"_links":{"self":[{"href":"https:\/\/www.medizinpluspflege.de\/index.php?rest_route=\/wp\/v2\/pages\/1885","targetHints":{"allow":["GET"]}}],"collection":[{"href":"https:\/\/www.medizinpluspflege.de\/index.php?rest_route=\/wp\/v2\/pages"}],"about":[{"href":"https:\/\/www.medizinpluspflege.de\/index.php?rest_route=\/wp\/v2\/types\/page"}],"author":[{"embeddable":true,"href":"https:\/\/www.medizinpluspflege.de\/index.php?rest_route=\/wp\/v2\/users\/1"}],"replies":[{"embeddable":true,"href":"https:\/\/www.medizinpluspflege.de\/index.php?rest_route=%2Fwp%2Fv2%2Fcomments&post=1885"}],"version-history":[{"count":8,"href":"https:\/\/www.medizinpluspflege.de\/index.php?rest_route=\/wp\/v2\/pages\/1885\/revisions"}],"predecessor-version":[{"id":2203,"href":"https:\/\/www.medizinpluspflege.de\/index.php?rest_route=\/wp\/v2\/pages\/1885\/revisions\/2203"}],"wp:attachment":[{"href":"https:\/\/www.medizinpluspflege.de\/index.php?rest_route=%2Fwp%2Fv2%2Fmedia&parent=1885"}],"curies":[{"name":"wp","href":"https:\/\/api.w.org\/{rel}","templated":true}]}}