{"id":1830,"date":"2020-04-21T07:35:37","date_gmt":"2020-04-21T07:35:37","guid":{"rendered":"https:\/\/www.medizinpluspflege.de\/?page_id=1830"},"modified":"2021-04-23T12:14:27","modified_gmt":"2021-04-23T12:14:27","slug":"stichwortverzeichnis","status":"publish","type":"page","link":"https:\/\/www.medizinpluspflege.de\/?page_id=1830","title":{"rendered":"Stichwortverzeichnis"},"content":{"rendered":"<p>[vc_row][vc_column][vc_column_text]<span style=\"color: #3366ff;\"><strong>Ambulante Pflege:<\/strong><\/span> Pflege, die in der eigenen H\u00e4uslichkeit durch einen zugelassenen Pflegedienst durchgef\u00fchrt wird<\/p>\n<p><span style=\"color: #3366ff;\"><strong>Belastungsgrenze:<\/strong><\/span> Kostengrenze, bei deren \u00dcberschreitung eine Befreiung von Zuzahlungen zu Leistungen der Krankenversicherung m\u00f6glich ist<\/p>\n<p><span style=\"color: #3366ff;\"><strong>Beratungseins\u00e4tze:<\/strong><\/span> Regelm\u00e4\u00dfige Beratungsbesuche durch eine Pflegefachkraft, die f\u00fcr Bezieher von Pflegegeld verpflichtend sind<\/p>\n<p><strong><span style=\"color: #3366ff;\">Entlastungsbetrag:<\/span><\/strong> Zus\u00e4tzlicher Betrag, den die Pflegeversicherung bei allen Pflegegraden f\u00fcr Betreuung und Hilfe im Haushalt gew\u00e4hrt<\/p>\n<p><strong><span style=\"color: #3366ff;\">H\u00e4usliche Krankenpflege:<\/span><\/strong> Pflegerische Behandlung in der eigenen H\u00e4uslichkeit, die auf Antrag durch die Krankenversicherung finanziert wird und durch einen Arzt verordnet werden muss<\/p>\n<p><strong><span style=\"color: #3366ff;\">Hilfsmittel:<\/span><\/strong> Technische Hilfsmittel, die \u00fcber Hilfsmittelrezept bei der Pflegeversicherung beantragt werden<\/p>\n<p><strong><span style=\"color: #3366ff;\">Kombinationsleistung:<\/span><\/strong> M\u00f6glichkeit, Sachleistung und Pflegegeld bei genehmigtem Pflegegrad zu kombinieren<\/p>\n<p><strong><span style=\"color: #3366ff;\">Kurzzeitpflege:<\/span><\/strong> M\u00f6glichkeit f\u00fcr eine kurzzeitige Aufnahme in einer station\u00e4ren Pflegeeinrichtung<\/p>\n<p><strong><span style=\"color: #3366ff;\">MDK:<\/span><\/strong> Medizinischer Dienst der Krankenversicherung<\/p>\n<p><strong><span style=\"color: #3366ff;\">Nachtpflege:<\/span><\/strong> Teilstation\u00e4re Pflege w\u00e4hrend der Nacht, \u00e4hnlich der Tagespflege<\/p>\n<p><strong><span style=\"color: #3366ff;\">Pflegeberatung:<\/span><\/strong> Beratung durch besonders geschulte Fachkr\u00e4fte (Pflegeberater), in der Regel finanziert durch die Pflegeversicherung<\/p>\n<p><strong><span style=\"color: #3366ff;\">Pflegefachkraft:<\/span><\/strong> Beruflich pflegende Person mit abgeschlossener dreij\u00e4hriger Ausbildung<\/p>\n<p><strong><span style=\"color: #3366ff;\">Pflegegeld:<\/span><\/strong> Betrag der Pflegeversicherung, der anstelle der Sachleistung bei genehmigtem Pflegegrad ausbezahlt werden kann, wenn eine Pflegeperson eingetragen ist<\/p>\n<p><strong><span style=\"color: #3366ff;\">Pflegegrad:<\/span><\/strong> Einstufung des Umfangs der Einschr\u00e4nkung der Selbst\u00e4ndigkeit, der die Grundlage f\u00fcr die Leistungen der Pflegeversicherung bildet, beurteilt durch den MDK oder Medicproof<\/p>\n<p><strong><span style=\"color: #3366ff;\">Pflegekraft:<\/span> <\/strong>Beruflich pflegende Person<\/p>\n<p><strong><span style=\"color: #3366ff;\">Pflegekurs:<\/span><\/strong> Kurs f\u00fcr pflegende Angeh\u00f6rige oder ehrenamtlich Pflegende, meist finanziert durch die Pflegekasse<\/p>\n<p><strong><span style=\"color: #3366ff;\">Pflegeperson:<\/span><\/strong> Ehrenamtlich pflegende Person, h\u00e4ufig Angeh\u00f6rige, kann bei der Pflegeversicherung eingetragen werden<\/p>\n<p><strong><span style=\"color: #3366ff;\">Pflegeschulung:<\/span><\/strong> Schulung f\u00fcr Pflegepersonen in der H\u00e4uslichkeit der pflegebed\u00fcrftigen Person<\/p>\n<p><strong><span style=\"color: #3366ff;\">Sachleistung:<\/span><\/strong> Pflegeleistungen, die ein zugelassener ambulanter Pflegedienst erbringt und direkt mit der Pflegekasse abrechnet Tagespflege: Teilstation\u00e4re Versorgung tags\u00fcber<\/p>\n<p><strong><span style=\"color: #3366ff;\">Verbrauchsmittel:<\/span><\/strong> Pflegemittel zum Verbrauch, werden von der Pflegekasse mit bis zu 40\u20ac bezuschusst<\/p>\n<p><strong><span style=\"color: #3366ff;\">Verhinderungspflege:<\/span><\/strong> M\u00f6gliche Leistung der Pflegeversicherung bei Verhinderung der Pflegeperson, erbracht durch einen Pflegedienst oder eine Privatperson[\/vc_column_text][\/vc_column][\/vc_row]<\/p>\n","protected":false},"excerpt":{"rendered":"<p>[vc_row][vc_column][vc_column_text]Ambulante Pflege: Pflege, die in der eigenen H\u00e4uslichkeit durch einen zugelassenen Pflegedienst durchgef\u00fchrt wird Belastungsgrenze: Kostengrenze, bei deren \u00dcberschreitung eine Befreiung von Zuzahlungen zu Leistungen der Krankenversicherung m\u00f6glich ist Beratungseins\u00e4tze: Regelm\u00e4\u00dfige Beratungsbesuche durch eine Pflegefachkraft, die f\u00fcr Bezieher von Pflegegeld verpflichtend sind Entlastungsbetrag: Zus\u00e4tzlicher Betrag, den die Pflegeversicherung bei allen [&hellip;]<\/p>\n","protected":false},"author":1,"featured_media":0,"parent":0,"menu_order":0,"comment_status":"closed","ping_status":"closed","template":"","meta":{"footnotes":""},"class_list":["post-1830","page","type-page","status-publish","hentry"],"_links":{"self":[{"href":"https:\/\/www.medizinpluspflege.de\/index.php?rest_route=\/wp\/v2\/pages\/1830","targetHints":{"allow":["GET"]}}],"collection":[{"href":"https:\/\/www.medizinpluspflege.de\/index.php?rest_route=\/wp\/v2\/pages"}],"about":[{"href":"https:\/\/www.medizinpluspflege.de\/index.php?rest_route=\/wp\/v2\/types\/page"}],"author":[{"embeddable":true,"href":"https:\/\/www.medizinpluspflege.de\/index.php?rest_route=\/wp\/v2\/users\/1"}],"replies":[{"embeddable":true,"href":"https:\/\/www.medizinpluspflege.de\/index.php?rest_route=%2Fwp%2Fv2%2Fcomments&post=1830"}],"version-history":[{"count":4,"href":"https:\/\/www.medizinpluspflege.de\/index.php?rest_route=\/wp\/v2\/pages\/1830\/revisions"}],"predecessor-version":[{"id":2069,"href":"https:\/\/www.medizinpluspflege.de\/index.php?rest_route=\/wp\/v2\/pages\/1830\/revisions\/2069"}],"wp:attachment":[{"href":"https:\/\/www.medizinpluspflege.de\/index.php?rest_route=%2Fwp%2Fv2%2Fmedia&parent=1830"}],"curies":[{"name":"wp","href":"https:\/\/api.w.org\/{rel}","templated":true}]}}