{"id":1793,"date":"2020-04-20T08:09:10","date_gmt":"2020-04-20T08:09:10","guid":{"rendered":"https:\/\/www.medizinpluspflege.de\/?page_id=1793"},"modified":"2021-05-20T10:46:28","modified_gmt":"2021-05-20T10:46:28","slug":"karriere-bei-medizin-pflege","status":"publish","type":"page","link":"https:\/\/www.medizinpluspflege.de\/?page_id=1793","title":{"rendered":"Karriere bei Medizin + Pflege"},"content":{"rendered":"<p>[vc_row][vc_column][vc_column_text]<strong>Als junges und wachsendes Unternehmen sind wir stets<br \/>\n<\/strong><strong>auf der Suche nach engagierten neuen Mitarbeitern.<\/strong><\/p>\n<p><strong><span style=\"color: #3366ff;\">Wenn Sie:<\/span><\/strong><\/p>\n<ul>\n<li>Spa\u00df an der ambulanten Pflege haben<\/li>\n<li>Teil eines jungen Teams sein m\u00f6chten<\/li>\n<li>Ihre eigenen Ideen mit einbringen m\u00f6chten<\/li>\n<li>Sich gemeinsam mit uns weiterentwickeln m\u00f6chten<\/li>\n<li>Einen PKW-F\u00fchrerschein besitzen<\/li>\n<\/ul>\n<p><strong><span style=\"color: #3366ff;\">Dann bieten wir Ihnen:<\/span><\/strong><\/p>\n<ul>\n<li>Flache Hierarchien<\/li>\n<li>Ein \u00fcberdurchschnittliches Gehalt<\/li>\n<li>Gute Aufstiegschancen in einem wachsenden Unternehmen<\/li>\n<li>Bezahlte Fort- und Weiterbildung<\/li>\n<li>&#8230;und Vieles mehr!<\/li>\n<\/ul>\n<p><strong><span style=\"color: #3366ff;\">Wir suchen:<\/span><\/strong><\/p>\n<ul>\n<li><span style=\"color: #000000;\">Altenpfleger<\/span><\/li>\n<li>Gesundheits- und Krankenpfleger<\/li>\n<li>Pflegeassistenten<\/li>\n<li>Pflegehelfer<\/li>\n<li>Hauswirtschaftskr\u00e4fte<\/li>\n<\/ul>\n<p>&nbsp;<\/p>\n<hr \/>\n<h5><strong>Nutzen Sie am besten gleich unser Kontaktformular hier unten.<br \/>\nWir freuen uns auf Ihre Bewerbung<br \/>\n<\/strong><\/h5>\n<hr \/>\n<p>[\/vc_column_text][\/vc_column][\/vc_row][vc_row][vc_column][vc_empty_space height=&#8220;42px&#8220;]\n<div class=\"wpcf7 no-js\" id=\"wpcf7-f1642-o1\" lang=\"de-DE\" dir=\"ltr\" data-wpcf7-id=\"1642\">\n<div class=\"screen-reader-response\"><p role=\"status\" aria-live=\"polite\" aria-atomic=\"true\"><\/p> <ul><\/ul><\/div>\n<form action=\"\/index.php?rest_route=%2Fwp%2Fv2%2Fpages%2F1793#wpcf7-f1642-o1\" method=\"post\" class=\"wpcf7-form init\" aria-label=\"Kontaktformular\" enctype=\"multipart\/form-data\" novalidate=\"novalidate\" data-status=\"init\">\n<div style=\"display: none;\">\n<input type=\"hidden\" name=\"_wpcf7\" value=\"1642\" \/>\n<input type=\"hidden\" name=\"_wpcf7_version\" value=\"6.0.3\" \/>\n<input type=\"hidden\" name=\"_wpcf7_locale\" value=\"de_DE\" \/>\n<input type=\"hidden\" name=\"_wpcf7_unit_tag\" value=\"wpcf7-f1642-o1\" \/>\n<input type=\"hidden\" name=\"_wpcf7_container_post\" value=\"0\" \/>\n<input type=\"hidden\" name=\"_wpcf7_posted_data_hash\" value=\"\" \/>\n<\/div>\n<p><label> Ihr Name (Pflichtfeld)<br \/>\n<span class=\"wpcf7-form-control-wrap\" data-name=\"your-name\"><input size=\"40\" maxlength=\"400\" class=\"wpcf7-form-control wpcf7-text wpcf7-validates-as-required\" aria-required=\"true\" aria-invalid=\"false\" value=\"\" type=\"text\" name=\"your-name\" \/><\/span> <\/label>\n<\/p>\n<p><label> Ihre E-Mail-Adresse (Pflichtfeld)<br \/>\n<span class=\"wpcf7-form-control-wrap\" data-name=\"your-email\"><input size=\"40\" maxlength=\"400\" class=\"wpcf7-form-control wpcf7-email wpcf7-validates-as-required wpcf7-text wpcf7-validates-as-email\" aria-required=\"true\" aria-invalid=\"false\" value=\"\" type=\"email\" name=\"your-email\" \/><\/span> <\/label>\n<\/p>\n<p><label> Betreff<br \/>\n<span class=\"wpcf7-form-control-wrap\" data-name=\"your-subject\"><input size=\"40\" maxlength=\"400\" class=\"wpcf7-form-control wpcf7-text\" aria-invalid=\"false\" value=\"\" type=\"text\" name=\"your-subject\" \/><\/span> <\/label>\n<\/p>\n<p><label> Ihre Nachricht<br \/>\n<span class=\"wpcf7-form-control-wrap\" data-name=\"your-message\"><textarea cols=\"40\" rows=\"10\" maxlength=\"2000\" class=\"wpcf7-form-control wpcf7-textarea\" aria-invalid=\"false\" name=\"your-message\"><\/textarea><\/span> <\/label>\n<\/p>\n<p><span class=\"wpcf7-form-control-wrap\" data-name=\"Anhnge\"><input size=\"40\" class=\"wpcf7-form-control wpcf7-file\" accept=\"audio\/*,video\/*,image\/*\" aria-invalid=\"false\" type=\"file\" name=\"Anhnge\" \/><\/span>\n<\/p>\n<p><input class=\"wpcf7-form-control wpcf7-submit has-spinner\" type=\"submit\" value=\"Senden\" \/>\n<\/p><input type='hidden' class='wpcf7-pum' value='{\"closepopup\":false,\"closedelay\":0,\"openpopup\":false,\"openpopup_id\":0}' \/><div class=\"wpcf7-response-output\" aria-hidden=\"true\"><\/div>\n<\/form>\n<\/div>\n[\/vc_column][\/vc_row]<\/p>\n","protected":false},"excerpt":{"rendered":"<p>[vc_row][vc_column][vc_column_text]Als junges und wachsendes Unternehmen sind wir stets auf der Suche nach engagierten neuen Mitarbeitern. Wenn Sie: Spa\u00df an der ambulanten Pflege haben Teil eines jungen Teams sein m\u00f6chten Ihre eigenen Ideen mit einbringen m\u00f6chten Sich gemeinsam mit uns weiterentwickeln m\u00f6chten Einen PKW-F\u00fchrerschein besitzen Dann bieten wir Ihnen: Flache Hierarchien [&hellip;]<\/p>\n","protected":false},"author":1,"featured_media":0,"parent":0,"menu_order":0,"comment_status":"closed","ping_status":"closed","template":"","meta":{"footnotes":""},"class_list":["post-1793","page","type-page","status-publish","hentry"],"_links":{"self":[{"href":"https:\/\/www.medizinpluspflege.de\/index.php?rest_route=\/wp\/v2\/pages\/1793","targetHints":{"allow":["GET"]}}],"collection":[{"href":"https:\/\/www.medizinpluspflege.de\/index.php?rest_route=\/wp\/v2\/pages"}],"about":[{"href":"https:\/\/www.medizinpluspflege.de\/index.php?rest_route=\/wp\/v2\/types\/page"}],"author":[{"embeddable":true,"href":"https:\/\/www.medizinpluspflege.de\/index.php?rest_route=\/wp\/v2\/users\/1"}],"replies":[{"embeddable":true,"href":"https:\/\/www.medizinpluspflege.de\/index.php?rest_route=%2Fwp%2Fv2%2Fcomments&post=1793"}],"version-history":[{"count":17,"href":"https:\/\/www.medizinpluspflege.de\/index.php?rest_route=\/wp\/v2\/pages\/1793\/revisions"}],"predecessor-version":[{"id":2193,"href":"https:\/\/www.medizinpluspflege.de\/index.php?rest_route=\/wp\/v2\/pages\/1793\/revisions\/2193"}],"wp:attachment":[{"href":"https:\/\/www.medizinpluspflege.de\/index.php?rest_route=%2Fwp%2Fv2%2Fmedia&parent=1793"}],"curies":[{"name":"wp","href":"https:\/\/api.w.org\/{rel}","templated":true}]}}