{"id":1449,"date":"2018-05-09T11:12:56","date_gmt":"2018-05-09T09:12:56","guid":{"rendered":"https:\/\/neu.power-ps.de\/?page_id=1449"},"modified":"2024-12-04T15:17:43","modified_gmt":"2024-12-04T15:17:43","slug":"power-kontakt","status":"publish","type":"page","link":"https:\/\/www.medizinpluspflege.de\/?page_id=1449","title":{"rendered":"Zus\u00e4tzliche Leistungen"},"content":{"rendered":"<p>[vc_row][vc_column][vc_column_text]Ein ambulanter Pflegedienst kann auch \u00fcber die genehmigten und von den Kassen bezahlten Leistungen hinaus viele Leistungen erbringen. Abgesehen von Leistungen der Krankenversicherung, die durch einen Arzt genehmigt werden m\u00fcssen, k\u00f6nnen s\u00e4mtliche erw\u00e4hnten Leistungen auch auf Privatrechnung erbracht werden. Auch weitere Unterst\u00fctzungsleistungen nach individuellen W\u00fcnschen sind oft m\u00f6glich. Viele Pflegedienste vermitteln zudem Dienste von Kooperationspartnern oder k\u00f6nnen dabei helfen, weitere geeignete Hilfen zu finden. Auch ehrenamtliche Dienste k\u00f6nnen so vermittelt werden. In einem pers\u00f6nlichen Beratungsgespr\u00e4ch k\u00f6nnen solche Fragen besprochen und gemeinsam L\u00f6sungen gefunden werden.[\/vc_column_text][\/vc_column][\/vc_row]<\/p>\n","protected":false},"excerpt":{"rendered":"<p>[vc_row][vc_column][vc_column_text]Ein ambulanter Pflegedienst kann auch \u00fcber die genehmigten und von den Kassen bezahlten Leistungen hinaus viele Leistungen erbringen. Abgesehen von Leistungen der Krankenversicherung, die durch einen Arzt genehmigt werden m\u00fcssen, k\u00f6nnen s\u00e4mtliche erw\u00e4hnten Leistungen auch auf Privatrechnung erbracht werden. Auch weitere Unterst\u00fctzungsleistungen nach individuellen W\u00fcnschen sind oft m\u00f6glich. Viele Pflegedienste [&hellip;]<\/p>\n","protected":false},"author":1,"featured_media":0,"parent":0,"menu_order":0,"comment_status":"closed","ping_status":"closed","template":"","meta":{"footnotes":""},"class_list":["post-1449","page","type-page","status-publish","hentry"],"_links":{"self":[{"href":"https:\/\/www.medizinpluspflege.de\/index.php?rest_route=\/wp\/v2\/pages\/1449","targetHints":{"allow":["GET"]}}],"collection":[{"href":"https:\/\/www.medizinpluspflege.de\/index.php?rest_route=\/wp\/v2\/pages"}],"about":[{"href":"https:\/\/www.medizinpluspflege.de\/index.php?rest_route=\/wp\/v2\/types\/page"}],"author":[{"embeddable":true,"href":"https:\/\/www.medizinpluspflege.de\/index.php?rest_route=\/wp\/v2\/users\/1"}],"replies":[{"embeddable":true,"href":"https:\/\/www.medizinpluspflege.de\/index.php?rest_route=%2Fwp%2Fv2%2Fcomments&post=1449"}],"version-history":[{"count":8,"href":"https:\/\/www.medizinpluspflege.de\/index.php?rest_route=\/wp\/v2\/pages\/1449\/revisions"}],"predecessor-version":[{"id":2282,"href":"https:\/\/www.medizinpluspflege.de\/index.php?rest_route=\/wp\/v2\/pages\/1449\/revisions\/2282"}],"wp:attachment":[{"href":"https:\/\/www.medizinpluspflege.de\/index.php?rest_route=%2Fwp%2Fv2%2Fmedia&parent=1449"}],"curies":[{"name":"wp","href":"https:\/\/api.w.org\/{rel}","templated":true}]}}